{"id":13068,"date":"2025-07-21T13:57:45","date_gmt":"2025-07-21T06:57:45","guid":{"rendered":"https:\/\/vinasc.co\/tin-tuc\/"},"modified":"2025-08-08T15:01:23","modified_gmt":"2025-08-08T08:01:23","slug":"tin-tuc","status":"publish","type":"page","link":"https:\/\/vinasc.co\/zh-hans\/tin-tuc\/","title":{"rendered":"\u65b0\u95fb"},"content":{"rendered":"\t\t<div data-elementor-type=\"wp-page\" data-elementor-id=\"13068\" class=\"elementor elementor-13068 elementor-6770\" data-elementor-post-type=\"page\">\n\t\t\t\t<div class=\"elementor-element elementor-element-3f03486 e-flex e-con-boxed e-con e-parent\" data-id=\"3f03486\" data-element_type=\"container\">\r\n\t\t\t\t\t<div class=\"e-con-inner\">\r\n\t\t\t\t\t<\/div>\n\t\t\t\t<\/div>\n\t\t\t\t<\/div>\n\t\t","protected":false},"excerpt":{"rendered":"<p>My Posts AllUncategorized @vi 20\/06\/2025 Calculate the  [&hellip;]<\/p>\n","protected":false},"author":1,"featured_media":0,"parent":0,"menu_order":0,"comment_status":"closed","ping_status":"closed","template":"","meta":{"footnotes":""},"class_list":["post-13068","page","type-page","status-publish","hentry"],"yoast_head":"<!-- This site is optimized with the Yoast SEO Premium plugin v26.8 (Yoast SEO v27.1.1) - https:\/\/yoast.com\/product\/yoast-seo-premium-wordpress\/ -->\n<title>\u65b0\u95fb - VINASC GROUP<\/title>\n<meta name=\"description\" content=\"VINASC GROUP kh\u00f4ng ch\u1ec9 l\u00e0 \u0111\u1ed1i t\u00e1c t\u00e0i ch\u00ednh, m\u00e0 l\u00e0 m\u1ed9t c\u00e1nh c\u1eeda m\u1edf ra cho s\u1ef1 ph\u1ed3n th\u1ecbnh c\u1ee7a doanh nghi\u1ec7p. H\u00e3y li\u00ean h\u1ec7 v\u1edbi ch\u00fang t\u00f4i.\" \/>\n<meta name=\"robots\" content=\"index, follow, max-snippet:-1, max-image-preview:large, max-video-preview:-1\" \/>\n<link rel=\"canonical\" href=\"https:\/\/vinasc.co\/zh-hans\/tin-tuc\/\" \/>\n<meta property=\"og:locale\" content=\"zh_CN\" \/>\n<meta property=\"og:type\" content=\"article\" \/>\n<meta property=\"og:title\" content=\"\u65b0\u95fb\" \/>\n<meta property=\"og:description\" content=\"VINASC GROUP kh\u00f4ng ch\u1ec9 l\u00e0 \u0111\u1ed1i t\u00e1c t\u00e0i ch\u00ednh, m\u00e0 l\u00e0 m\u1ed9t c\u00e1nh c\u1eeda m\u1edf ra cho s\u1ef1 ph\u1ed3n th\u1ecbnh c\u1ee7a doanh nghi\u1ec7p. H\u00e3y li\u00ean h\u1ec7 v\u1edbi ch\u00fang t\u00f4i.\" \/>\n<meta property=\"og:url\" content=\"https:\/\/vinasc.co\/zh-hans\/tin-tuc\/\" \/>\n<meta property=\"og:site_name\" content=\"VINASC GROUP\" \/>\n<meta property=\"article:modified_time\" content=\"2025-08-08T08:01:23+00:00\" \/>\n<meta property=\"og:image\" content=\"https:\/\/vinasc.co\/wp-content\/uploads\/2021\/08\/generic-1.jpg\" \/>\n<meta name=\"twitter:card\" content=\"summary_large_image\" \/>\n<meta name=\"twitter:label1\" content=\"\u9884\u8ba1\u9605\u8bfb\u65f6\u95f4\" \/>\n\t<meta name=\"twitter:data1\" content=\"2 \u5206\" \/>\n<script type=\"application\/ld+json\" class=\"yoast-schema-graph\">{\"@context\":\"https:\/\/schema.org\",\"@graph\":[{\"@type\":\"WebPage\",\"@id\":\"https:\/\/vinasc.co\/zh-hans\/tin-tuc\/\",\"url\":\"https:\/\/vinasc.co\/zh-hans\/tin-tuc\/\",\"name\":\"\u65b0\u95fb - VINASC GROUP\",\"isPartOf\":{\"@id\":\"https:\/\/vinasc.co\/#website\"},\"primaryImageOfPage\":{\"@id\":\"https:\/\/vinasc.co\/zh-hans\/tin-tuc\/#primaryimage\"},\"image\":{\"@id\":\"https:\/\/vinasc.co\/zh-hans\/tin-tuc\/#primaryimage\"},\"thumbnailUrl\":\"https:\/\/vinasc.co\/wp-content\/uploads\/2021\/08\/generic-1.jpg\",\"datePublished\":\"2025-07-21T06:57:45+00:00\",\"dateModified\":\"2025-08-08T08:01:23+00:00\",\"description\":\"VINASC GROUP kh\u00f4ng ch\u1ec9 l\u00e0 \u0111\u1ed1i t\u00e1c t\u00e0i ch\u00ednh, m\u00e0 l\u00e0 m\u1ed9t c\u00e1nh c\u1eeda m\u1edf ra cho s\u1ef1 ph\u1ed3n th\u1ecbnh c\u1ee7a doanh nghi\u1ec7p. H\u00e3y li\u00ean h\u1ec7 v\u1edbi ch\u00fang t\u00f4i.\",\"breadcrumb\":{\"@id\":\"https:\/\/vinasc.co\/zh-hans\/tin-tuc\/#breadcrumb\"},\"inLanguage\":\"zh-Hans\",\"potentialAction\":[{\"@type\":\"ReadAction\",\"target\":[\"https:\/\/vinasc.co\/zh-hans\/tin-tuc\/\"]}]},{\"@type\":\"ImageObject\",\"inLanguage\":\"zh-Hans\",\"@id\":\"https:\/\/vinasc.co\/zh-hans\/tin-tuc\/#primaryimage\",\"url\":\"https:\/\/vinasc.co\/wp-content\/uploads\/2021\/08\/generic-1.jpg\",\"contentUrl\":\"https:\/\/vinasc.co\/wp-content\/uploads\/2021\/08\/generic-1.jpg\"},{\"@type\":\"BreadcrumbList\",\"@id\":\"https:\/\/vinasc.co\/zh-hans\/tin-tuc\/#breadcrumb\",\"itemListElement\":[{\"@type\":\"ListItem\",\"position\":1,\"name\":\"Home\",\"item\":\"https:\/\/vinasc.co\/zh-hans\/\"},{\"@type\":\"ListItem\",\"position\":2,\"name\":\"\u65b0\u95fb\"}]},{\"@type\":\"WebSite\",\"@id\":\"https:\/\/vinasc.co\/#website\",\"url\":\"https:\/\/vinasc.co\/\",\"name\":\"ti\u1ebfng trung\",\"description\":\"Vinasc\u96c6\u56e2\u5728\u8d8a\u5357\u63d0\u4f9b\u4f01\u4e1a\u5e76\u8d2d\uff08M&amp;A\uff09\u54a8\u8be2\u670d\u52a1\uff0c\u5305\u62ec\u4f01\u4e1a\u4f30\u503c\u3001\u5bfb\u627e\u5408\u4f5c\u4f19\u4f34\uff0c\u4ee5\u53ca\u652f\u6301\u4f01\u4e1a\u6536\u8d2d\u4e0e\u5408\u5e76\u4ea4\u6613\u3002\",\"publisher\":{\"@id\":\"https:\/\/vinasc.co\/#organization\"},\"potentialAction\":[{\"@type\":\"SearchAction\",\"target\":{\"@type\":\"EntryPoint\",\"urlTemplate\":\"https:\/\/vinasc.co\/?s={search_term_string}\"},\"query-input\":{\"@type\":\"PropertyValueSpecification\",\"valueRequired\":true,\"valueName\":\"search_term_string\"}}],\"inLanguage\":\"zh-Hans\"},{\"@type\":\"Organization\",\"@id\":\"https:\/\/vinasc.co\/#organization\",\"name\":\"VINASC GROUP\",\"url\":\"https:\/\/vinasc.co\/\",\"logo\":{\"@type\":\"ImageObject\",\"inLanguage\":\"zh-Hans\",\"@id\":\"https:\/\/vinasc.co\/#\/schema\/logo\/image\/\",\"url\":\"https:\/\/vinasc.co\/wp-content\/uploads\/2025\/07\/Vinasc-Group-logo-vang-xanh.png\",\"contentUrl\":\"https:\/\/vinasc.co\/wp-content\/uploads\/2025\/07\/Vinasc-Group-logo-vang-xanh.png\",\"width\":1292,\"height\":1292,\"caption\":\"VINASC GROUP\"},\"image\":{\"@id\":\"https:\/\/vinasc.co\/#\/schema\/logo\/image\/\"}}]}<\/script>\n<!-- \/ Yoast SEO Premium plugin. -->","yoast_head_json":{"title":"\u65b0\u95fb - VINASC GROUP","description":"VINASC GROUP kh\u00f4ng ch\u1ec9 l\u00e0 \u0111\u1ed1i t\u00e1c t\u00e0i ch\u00ednh, m\u00e0 l\u00e0 m\u1ed9t c\u00e1nh c\u1eeda m\u1edf ra cho s\u1ef1 ph\u1ed3n th\u1ecbnh c\u1ee7a doanh nghi\u1ec7p. H\u00e3y li\u00ean h\u1ec7 v\u1edbi ch\u00fang t\u00f4i.","robots":{"index":"index","follow":"follow","max-snippet":"max-snippet:-1","max-image-preview":"max-image-preview:large","max-video-preview":"max-video-preview:-1"},"canonical":"https:\/\/vinasc.co\/zh-hans\/tin-tuc\/","og_locale":"zh_CN","og_type":"article","og_title":"\u65b0\u95fb","og_description":"VINASC GROUP kh\u00f4ng ch\u1ec9 l\u00e0 \u0111\u1ed1i t\u00e1c t\u00e0i ch\u00ednh, m\u00e0 l\u00e0 m\u1ed9t c\u00e1nh c\u1eeda m\u1edf ra cho s\u1ef1 ph\u1ed3n th\u1ecbnh c\u1ee7a doanh nghi\u1ec7p. H\u00e3y li\u00ean h\u1ec7 v\u1edbi ch\u00fang t\u00f4i.","og_url":"https:\/\/vinasc.co\/zh-hans\/tin-tuc\/","og_site_name":"VINASC GROUP","article_modified_time":"2025-08-08T08:01:23+00:00","og_image":[{"url":"https:\/\/vinasc.co\/wp-content\/uploads\/2021\/08\/generic-1.jpg","type":"","width":"","height":""}],"twitter_card":"summary_large_image","twitter_misc":{"\u9884\u8ba1\u9605\u8bfb\u65f6\u95f4":"2 \u5206"},"schema":{"@context":"https:\/\/schema.org","@graph":[{"@type":"WebPage","@id":"https:\/\/vinasc.co\/zh-hans\/tin-tuc\/","url":"https:\/\/vinasc.co\/zh-hans\/tin-tuc\/","name":"\u65b0\u95fb - VINASC GROUP","isPartOf":{"@id":"https:\/\/vinasc.co\/#website"},"primaryImageOfPage":{"@id":"https:\/\/vinasc.co\/zh-hans\/tin-tuc\/#primaryimage"},"image":{"@id":"https:\/\/vinasc.co\/zh-hans\/tin-tuc\/#primaryimage"},"thumbnailUrl":"https:\/\/vinasc.co\/wp-content\/uploads\/2021\/08\/generic-1.jpg","datePublished":"2025-07-21T06:57:45+00:00","dateModified":"2025-08-08T08:01:23+00:00","description":"VINASC GROUP kh\u00f4ng ch\u1ec9 l\u00e0 \u0111\u1ed1i t\u00e1c t\u00e0i ch\u00ednh, m\u00e0 l\u00e0 m\u1ed9t c\u00e1nh c\u1eeda m\u1edf ra cho s\u1ef1 ph\u1ed3n th\u1ecbnh c\u1ee7a doanh nghi\u1ec7p. H\u00e3y li\u00ean h\u1ec7 v\u1edbi ch\u00fang t\u00f4i.","breadcrumb":{"@id":"https:\/\/vinasc.co\/zh-hans\/tin-tuc\/#breadcrumb"},"inLanguage":"zh-Hans","potentialAction":[{"@type":"ReadAction","target":["https:\/\/vinasc.co\/zh-hans\/tin-tuc\/"]}]},{"@type":"ImageObject","inLanguage":"zh-Hans","@id":"https:\/\/vinasc.co\/zh-hans\/tin-tuc\/#primaryimage","url":"https:\/\/vinasc.co\/wp-content\/uploads\/2021\/08\/generic-1.jpg","contentUrl":"https:\/\/vinasc.co\/wp-content\/uploads\/2021\/08\/generic-1.jpg"},{"@type":"BreadcrumbList","@id":"https:\/\/vinasc.co\/zh-hans\/tin-tuc\/#breadcrumb","itemListElement":[{"@type":"ListItem","position":1,"name":"Home","item":"https:\/\/vinasc.co\/zh-hans\/"},{"@type":"ListItem","position":2,"name":"\u65b0\u95fb"}]},{"@type":"WebSite","@id":"https:\/\/vinasc.co\/#website","url":"https:\/\/vinasc.co\/","name":"ti\u1ebfng trung","description":"Vinasc\u96c6\u56e2\u5728\u8d8a\u5357\u63d0\u4f9b\u4f01\u4e1a\u5e76\u8d2d\uff08M&amp;A\uff09\u54a8\u8be2\u670d\u52a1\uff0c\u5305\u62ec\u4f01\u4e1a\u4f30\u503c\u3001\u5bfb\u627e\u5408\u4f5c\u4f19\u4f34\uff0c\u4ee5\u53ca\u652f\u6301\u4f01\u4e1a\u6536\u8d2d\u4e0e\u5408\u5e76\u4ea4\u6613\u3002","publisher":{"@id":"https:\/\/vinasc.co\/#organization"},"potentialAction":[{"@type":"SearchAction","target":{"@type":"EntryPoint","urlTemplate":"https:\/\/vinasc.co\/?s={search_term_string}"},"query-input":{"@type":"PropertyValueSpecification","valueRequired":true,"valueName":"search_term_string"}}],"inLanguage":"zh-Hans"},{"@type":"Organization","@id":"https:\/\/vinasc.co\/#organization","name":"VINASC GROUP","url":"https:\/\/vinasc.co\/","logo":{"@type":"ImageObject","inLanguage":"zh-Hans","@id":"https:\/\/vinasc.co\/#\/schema\/logo\/image\/","url":"https:\/\/vinasc.co\/wp-content\/uploads\/2025\/07\/Vinasc-Group-logo-vang-xanh.png","contentUrl":"https:\/\/vinasc.co\/wp-content\/uploads\/2025\/07\/Vinasc-Group-logo-vang-xanh.png","width":1292,"height":1292,"caption":"VINASC GROUP"},"image":{"@id":"https:\/\/vinasc.co\/#\/schema\/logo\/image\/"}}]}},"_links":{"self":[{"href":"https:\/\/vinasc.co\/zh-hans\/wp-json\/wp\/v2\/pages\/13068","targetHints":{"allow":["GET"]}}],"collection":[{"href":"https:\/\/vinasc.co\/zh-hans\/wp-json\/wp\/v2\/pages"}],"about":[{"href":"https:\/\/vinasc.co\/zh-hans\/wp-json\/wp\/v2\/types\/page"}],"author":[{"embeddable":true,"href":"https:\/\/vinasc.co\/zh-hans\/wp-json\/wp\/v2\/users\/1"}],"replies":[{"embeddable":true,"href":"https:\/\/vinasc.co\/zh-hans\/wp-json\/wp\/v2\/comments?post=13068"}],"version-history":[{"count":0,"href":"https:\/\/vinasc.co\/zh-hans\/wp-json\/wp\/v2\/pages\/13068\/revisions"}],"wp:attachment":[{"href":"https:\/\/vinasc.co\/zh-hans\/wp-json\/wp\/v2\/media?parent=13068"}],"curies":[{"name":"wp","href":"https:\/\/api.w.org\/{rel}","templated":true}]}}